{"id":55,"date":"2021-03-07T20:13:39","date_gmt":"2021-03-07T20:13:39","guid":{"rendered":"https:\/\/ibrainformatica.com.br\/portal\/?page_id=55"},"modified":"2024-05-15T14:56:19","modified_gmt":"2024-05-15T17:56:19","slug":"certificado-digital","status":"publish","type":"page","link":"https:\/\/ibrainformatica.com.br\/portal\/?page_id=55","title":{"rendered":"CERTIFICADO DIGITAL"},"content":{"rendered":"\n<p>A IBRA Inform\u00e1tica \u00e9 um AGR (Agente de registro) autorizado pela ICP Brasil para emiss\u00e3o de certificados digitais.<\/p>\n\n\n\n<h2 class=\"wp-block-heading\">Aplica\u00e7\u00f5es<\/h2>\n\n\n\n<p>O Certificado Digital existe para facilitar sua vida e evitar que voc\u00ea perca tempo fazendo presencialmente muita coisa que pode resolver on-line, de maneira mais pr\u00e1tica e segura. Atividades como reconhecimento de firmas, entrega de documentos via moto boy e idas ao banco, por exemplo, podem ser substitu\u00eddas por transa\u00e7\u00f5es on-line com garantia da autenticidade e com toda prote\u00e7\u00e3o das informa\u00e7\u00f5es trocadas.<\/p>\n\n\n\n<p><strong>Principais atividades que podem ser seguradas por um Certificado Digital:<\/strong><\/p>\n\n\n\n<ul class=\"wp-block-list\"><li>Assinatura e envio documentos pela internet;<\/li><li>Realiza\u00e7\u00e3o de transa\u00e7\u00f5es banc\u00e1rias;<\/li><li>Envio de declara\u00e7\u00f5es da sua empresa;<\/li><li>Assinatura de notas fiscais, conhecimentos de transporte eletr\u00f4nico (CTs-e) e manifesta\u00e7\u00f5es do destinat\u00e1rio;<\/li><li>\u201cLogin\u201d em ambientes virtuais com seguran\u00e7a.<\/li><\/ul>\n\n\n\n<p><strong>Quais s\u00e3o os principais benef\u00edcios?<\/strong><\/p>\n\n\n\n<ul class=\"wp-block-list\"><li>Garantia da validade jur\u00eddica dos documentos eletr\u00f4nicos;<\/li><li>Desburocratiza\u00e7\u00e3o de processos uma vez que dispensa reconhecimento de firmas;<\/li><li>Economia de tempo, j\u00e1 que os servi\u00e7os s\u00e3o realizados pela internet.<\/li><\/ul>\n\n\n\n<p><\/p>\n\n\n\n<p><\/p>\n\n\n\n<h2 class=\"wp-block-heading\">Obrigatoriedades<\/h2>\n\n\n\n<ul class=\"wp-block-list\"><li>Nota Fiscal Eletr\u00f4nica \u2013 NF-e;<\/li><li>Nota Fiscal de Consumidor Eletr\u00f4nica \u2013 NFC-e;<\/li><li>Nota Fiscal Avulsa Eletr\u00f4nica \u2013 NFA-e;<\/li><li>Nota Fiscal de Servi\u00e7os Eletr\u00f4nica \u2013 NFS-e<\/li><li>Conhecimento de Transporte Eletr\u00f4nico \u2013 CT-e;<\/li><li>Documentos Fiscais Eletr\u00f4nicos \u2013 DF-e.<\/li><li>Receita Federal: CAGED, DIRF, PERDCOMP, DACON, DBF, DCIDE, DCP, DEREX, DCTF, CRED, DIF, DIMOB, DIMOF, DIPI-TIP, DNF, DSPJ, DTTA, e-CAC, Homolognet, RAIS, SICONFI, SIL, Leil\u00f5es eletr\u00f4nicos;<\/li><li>SEFAZ: NF-e, NFA-e, NFC-e, NFS-e, CT-e, DF-e;<\/li><li>Governo: SISCONSIG;<\/li><li>Sa\u00fade: DMED, TISS;<\/li><li>MEC: PROUNI;<\/li><li>Seguran\u00e7a Privada: GESP;<\/li><li>Detran: e-CNHsp;<\/li><li>Setor P\u00fablico: ITR, DERC;<\/li><li>SPED: ECD, EFD, ECF, eSocial;<\/li><li>Caixa Econ\u00f4mica: FGTS, e-APS, Conectividade Social ICP;<\/li><li>Zona Franca de Manaus: SUFRAMA;<\/li><li>Parcelamento eletr\u00f4nico online de d\u00e9bitos Pessoas Jur\u00eddicas;<\/li><li>Retifica\u00e7\u00e3o do DARF;<\/li><li>Provis\u00e3o de Procura\u00e7\u00e3o Eletr\u00f4nica;<\/li><li>Assinatura de e-mails, documentos e contratos digitais da Pessoa Jur\u00eddica;<\/li><li>Per\u00edcia Judicial;<\/li><li>Justi\u00e7a: PJ-e, e-DOC, e-PET, e-STJ<\/li><li>Siscomex (com\u00e9rcio exterior);<\/li><li>Provis\u00e3o de Procura\u00e7\u00e3o Eletr\u00f4nica;<\/li><li>Assinatura de e-mails, documentos e contratos digitais da Pessoa F\u00edsica, al\u00e9m de Prontu\u00e1rio Eletr\u00f4nico de Paciente (PEP);<\/li><li>Dentre outros servi\u00e7os.<\/li><\/ul>\n","protected":false},"excerpt":{"rendered":"<p>A IBRA Inform\u00e1tica \u00e9 um AGR (Agente de registro) autorizado pela ICP Brasil para emiss\u00e3o de certificados digitais. Aplica\u00e7\u00f5es O Certificado Digital existe para facilitar sua vida e evitar que voc\u00ea perca tempo fazendo presencialmente muita coisa que pode resolver on-line, de maneira mais pr\u00e1tica e segura. Atividades como reconhecimento de firmas, entrega de documentos<\/p>\n<a href=\"https:\/\/ibrainformatica.com.br\/portal\/?page_id=55\" class=\"btn frontech-btn\"><span><\/span>Read More<\/a>","protected":false},"author":1,"featured_media":79,"parent":0,"menu_order":1,"comment_status":"closed","ping_status":"closed","template":"","meta":{"footnotes":""},"class_list":["post-55","page","type-page","status-publish","has-post-thumbnail","hentry"],"_links":{"self":[{"href":"https:\/\/ibrainformatica.com.br\/portal\/index.php?rest_route=\/wp\/v2\/pages\/55","targetHints":{"allow":["GET"]}}],"collection":[{"href":"https:\/\/ibrainformatica.com.br\/portal\/index.php?rest_route=\/wp\/v2\/pages"}],"about":[{"href":"https:\/\/ibrainformatica.com.br\/portal\/index.php?rest_route=\/wp\/v2\/types\/page"}],"author":[{"embeddable":true,"href":"https:\/\/ibrainformatica.com.br\/portal\/index.php?rest_route=\/wp\/v2\/users\/1"}],"replies":[{"embeddable":true,"href":"https:\/\/ibrainformatica.com.br\/portal\/index.php?rest_route=%2Fwp%2Fv2%2Fcomments&post=55"}],"version-history":[{"count":1,"href":"https:\/\/ibrainformatica.com.br\/portal\/index.php?rest_route=\/wp\/v2\/pages\/55\/revisions"}],"predecessor-version":[{"id":120,"href":"https:\/\/ibrainformatica.com.br\/portal\/index.php?rest_route=\/wp\/v2\/pages\/55\/revisions\/120"}],"wp:featuredmedia":[{"embeddable":true,"href":"https:\/\/ibrainformatica.com.br\/portal\/index.php?rest_route=\/wp\/v2\/media\/79"}],"wp:attachment":[{"href":"https:\/\/ibrainformatica.com.br\/portal\/index.php?rest_route=%2Fwp%2Fv2%2Fmedia&parent=55"}],"curies":[{"name":"wp","href":"https:\/\/api.w.org\/{rel}","templated":true}]}}