{"id":58,"date":"2021-03-10T12:16:55","date_gmt":"2021-03-10T12:16:55","guid":{"rendered":"http:\/\/ibrainformatica.com.br\/portal\/?page_id=58"},"modified":"2021-03-10T12:16:55","modified_gmt":"2021-03-10T12:16:55","slug":"ibra-soft","status":"publish","type":"page","link":"https:\/\/ibrainformatica.com.br\/portal\/?page_id=58","title":{"rendered":"IBRA SOFT &#8211; SOLU\u00c7\u00d5ES EMPRESARIAIS"},"content":{"rendered":"\n<p><strong>Sua Solu\u00e7\u00e3o Empresarial Integrada<\/strong><\/p>\n\n\n\n<p>Seja bem-vindo ao universo de efici\u00eancia e controle proporcionado pelo IBRA Soft, uma solu\u00e7\u00e3o empresarial completa que visa otimizar a gest\u00e3o de diversos setores comerciais. Com uma abordagem abrangente, nossos sistemas foram desenvolvidos para atender \u00e0s demandas espec\u00edficas de diversos ramos, oferecendo ferramentas poderosas para impulsionar o crescimento e a efici\u00eancia dos neg\u00f3cios.<\/p>\n\n\n\n<p><strong>Recursos Abrangentes:<\/strong> Nosso conjunto de sistemas integra uma variedade de funcionalidades essenciais para o sucesso empresarial. Oferecemos controle de estoque preciso, gest\u00e3o financeira robusta, emiss\u00e3o de Notas Fiscais Eletr\u00f4nicas (NFe) e Cupons Fiscais Eletr\u00f4nicos (NFCe), al\u00e9m de ferramentas avan\u00e7adas para o controle de clientes e acesso personalizado para funcion\u00e1rios, tudo de forma segura e eficiente na nuvem. Nossa abordagem visa facilitar a sua vida, proporcionando a flexibilidade necess\u00e1ria para atender \u00e0s demandas modernas.<\/p>\n\n\n\n<p><strong>Controle Total na Nuvem:<\/strong> Nossa plataforma, totalmente baseada na nuvem, na robusta infraestrutura da AWS da Amazon, proporcionando uma experi\u00eancia de gest\u00e3o empresarial inovadora e flex\u00edvel.<\/p>\n\n\n\n<p>Com o IBRA Soft na nuvem, oferecemos a voc\u00ea a liberdade de acessar e gerenciar seu neg\u00f3cio de qualquer lugar com conex\u00e3o \u00e0 internet. Seja pelo celular, notebook ou qualquer dispositivo conectado, sua empresa est\u00e1 sempre ao seu alcance. Esse modelo permite flexibilidade e agilidade, garantindo que voc\u00ea esteja no controle, independentemente da sua localiza\u00e7\u00e3o.<\/p>\n\n\n\n<p><strong>Simplificando processos:<\/strong> N\u00e3o importa se voc\u00ea est\u00e1 em reuni\u00f5es externas, gerenciando sua empresa de um escrit\u00f3rio remoto ou simplesmente fora do local de trabalho principal. O IBRA Soft oferece acesso simplificado e seguro, garantindo que voc\u00ea esteja sempre conectado aos dados essenciais do seu neg\u00f3cio.<\/p>\n\n\n\n<p><strong>Versatilidade para Diversos Ramos:<\/strong> O IBRA Soft \u00e9 projetado para atender \u00e0s necessidades espec\u00edficas de diversos setores, incluindo farm\u00e1cias, restaurantes, mercados, lojas de varejo, ind\u00fastrias, agroneg\u00f3cios, cl\u00ednicas m\u00e9dicas, cl\u00ednicas veterin\u00e1rias, pet shops e sal\u00f5es de beleza. Independentemente do segmento em que sua empresa atua, nossas solu\u00e7\u00f5es oferecem flexibilidade e adaptabilidade para impulsionar o desempenho.<\/p>\n\n\n\n<p><strong>Acesso de Demonstra\u00e7\u00e3o:<\/strong> Entendemos a import\u00e2ncia de tomar decis\u00f5es informadas. Por isso, oferecemos a oportunidade de solicitar acesso \u00e0 demonstra\u00e7\u00e3o do IBRA Soft. Conhe\u00e7a em primeira m\u00e3o como nossos sistemas podem transformar a gest\u00e3o do seu neg\u00f3cio, proporcionando maior controle, efici\u00eancia e lucratividade.<\/p>\n\n\n\n<p>No IBRA Soft, estamos comprometidos em fornecer solu\u00e7\u00f5es tecnol\u00f3gicas que elevam o patamar da gest\u00e3o empresarial. N\u00e3o apenas entregamos softwares avan\u00e7ados, mas tamb\u00e9m constru\u00edmos parcerias duradouras. Descubra como podemos impulsionar o sucesso do seu neg\u00f3cio. Entre em contato conosco para solicitar sua demonstra\u00e7\u00e3o hoje mesmo.<\/p>\n\n\n\n<p><\/p>\n\n\n\n<p>Chame agora no whatsapp (81) 995815524<\/p>\n","protected":false},"excerpt":{"rendered":"<p>Sua Solu\u00e7\u00e3o Empresarial Integrada Seja bem-vindo ao universo de efici\u00eancia e controle proporcionado pelo IBRA Soft, uma solu\u00e7\u00e3o empresarial completa que visa otimizar a gest\u00e3o de diversos setores comerciais. Com uma abordagem abrangente, nossos sistemas foram desenvolvidos para atender \u00e0s demandas espec\u00edficas de diversos ramos, oferecendo ferramentas poderosas para impulsionar o crescimento e a efici\u00eancia<\/p>\n<a href=\"https:\/\/ibrainformatica.com.br\/portal\/?page_id=58\" class=\"btn frontech-btn\"><span><\/span>Read More<\/a>","protected":false},"author":1,"featured_media":111,"parent":0,"menu_order":0,"comment_status":"closed","ping_status":"closed","template":"","meta":{"footnotes":""},"class_list":["post-58","page","type-page","status-publish","has-post-thumbnail","hentry"],"_links":{"self":[{"href":"https:\/\/ibrainformatica.com.br\/portal\/index.php?rest_route=\/wp\/v2\/pages\/58","targetHints":{"allow":["GET"]}}],"collection":[{"href":"https:\/\/ibrainformatica.com.br\/portal\/index.php?rest_route=\/wp\/v2\/pages"}],"about":[{"href":"https:\/\/ibrainformatica.com.br\/portal\/index.php?rest_route=\/wp\/v2\/types\/page"}],"author":[{"embeddable":true,"href":"https:\/\/ibrainformatica.com.br\/portal\/index.php?rest_route=\/wp\/v2\/users\/1"}],"replies":[{"embeddable":true,"href":"https:\/\/ibrainformatica.com.br\/portal\/index.php?rest_route=%2Fwp%2Fv2%2Fcomments&post=58"}],"version-history":[{"count":0,"href":"https:\/\/ibrainformatica.com.br\/portal\/index.php?rest_route=\/wp\/v2\/pages\/58\/revisions"}],"wp:featuredmedia":[{"embeddable":true,"href":"https:\/\/ibrainformatica.com.br\/portal\/index.php?rest_route=\/wp\/v2\/media\/111"}],"wp:attachment":[{"href":"https:\/\/ibrainformatica.com.br\/portal\/index.php?rest_route=%2Fwp%2Fv2%2Fmedia&parent=58"}],"curies":[{"name":"wp","href":"https:\/\/api.w.org\/{rel}","templated":true}]}}