{"id":60,"date":"2021-03-10T12:22:52","date_gmt":"2021-03-10T12:22:52","guid":{"rendered":"http:\/\/ibrainformatica.com.br\/portal\/?page_id=60"},"modified":"2024-05-15T14:56:35","modified_gmt":"2024-05-15T17:56:35","slug":"empresa","status":"publish","type":"page","link":"https:\/\/ibrainformatica.com.br\/portal\/?page_id=60","title":{"rendered":"SUPORTE CORPORATIVO"},"content":{"rendered":"\n<p>A Ibra Inform\u00e1tica oferece um servi\u00e7o diferenciado para sua empresa.<\/p>\n\n\n\n<p>Hoje em dia a tecnologia \u00e9 papel fundamental no desenvolvimento de qualquer neg\u00f3cio. Pensando nisso a IBRA conta com servi\u00e7o para que sua empresa possa se encaixar no meio da modernidade e assim n\u00e3o ficar pra tr\u00e1s na concorr\u00eancia.<\/p>\n\n\n\n<p><\/p>\n\n\n\n<p>Contamos tamb\u00e9m com parceria com diversas empresas. Ent\u00e3o se voc\u00ea procura um parceiro para atender seus clientes, entre em contato com nossa equipe.<\/p>\n","protected":false},"excerpt":{"rendered":"<p>A Ibra Inform\u00e1tica oferece um servi\u00e7o diferenciado para sua empresa. Hoje em dia a tecnologia \u00e9 papel fundamental no desenvolvimento de qualquer neg\u00f3cio. Pensando nisso a IBRA conta com servi\u00e7o para que sua empresa possa se encaixar no meio da modernidade e assim n\u00e3o ficar pra tr\u00e1s na concorr\u00eancia. Contamos tamb\u00e9m com parceria com diversas<\/p>\n<a href=\"https:\/\/ibrainformatica.com.br\/portal\/?page_id=60\" class=\"btn frontech-btn\"><span><\/span>Read More<\/a>","protected":false},"author":1,"featured_media":113,"parent":0,"menu_order":3,"comment_status":"closed","ping_status":"closed","template":"","meta":{"footnotes":""},"class_list":["post-60","page","type-page","status-publish","has-post-thumbnail","hentry"],"_links":{"self":[{"href":"https:\/\/ibrainformatica.com.br\/portal\/index.php?rest_route=\/wp\/v2\/pages\/60","targetHints":{"allow":["GET"]}}],"collection":[{"href":"https:\/\/ibrainformatica.com.br\/portal\/index.php?rest_route=\/wp\/v2\/pages"}],"about":[{"href":"https:\/\/ibrainformatica.com.br\/portal\/index.php?rest_route=\/wp\/v2\/types\/page"}],"author":[{"embeddable":true,"href":"https:\/\/ibrainformatica.com.br\/portal\/index.php?rest_route=\/wp\/v2\/users\/1"}],"replies":[{"embeddable":true,"href":"https:\/\/ibrainformatica.com.br\/portal\/index.php?rest_route=%2Fwp%2Fv2%2Fcomments&post=60"}],"version-history":[{"count":1,"href":"https:\/\/ibrainformatica.com.br\/portal\/index.php?rest_route=\/wp\/v2\/pages\/60\/revisions"}],"predecessor-version":[{"id":122,"href":"https:\/\/ibrainformatica.com.br\/portal\/index.php?rest_route=\/wp\/v2\/pages\/60\/revisions\/122"}],"wp:featuredmedia":[{"embeddable":true,"href":"https:\/\/ibrainformatica.com.br\/portal\/index.php?rest_route=\/wp\/v2\/media\/113"}],"wp:attachment":[{"href":"https:\/\/ibrainformatica.com.br\/portal\/index.php?rest_route=%2Fwp%2Fv2%2Fmedia&parent=60"}],"curies":[{"name":"wp","href":"https:\/\/api.w.org\/{rel}","templated":true}]}}